{"id":2388,"date":"2023-07-12T17:25:58","date_gmt":"2023-07-12T17:25:58","guid":{"rendered":"https:\/\/rakouskajezera.cz\/contact\/"},"modified":"2023-07-12T17:25:58","modified_gmt":"2023-07-12T17:25:58","slug":"contact","status":"publish","type":"page","link":"https:\/\/rakouskajezera.cz\/en\/contact\/","title":{"rendered":"Contact"},"content":{"rendered":"<p>The <span style=\"color: #000000;\"><strong>AUSTRIAN LAKES<\/strong><\/span> project was created in 2019 when we realized that we had taken so many trips to Austrian lakes in the last 10 years that these tips deserved their own website, where we would write down advice and inspiration for your own vacation in Austria. During the &#8220;Covid years,&#8221; our website became a popular source of information for trips to nature, and we will do our best to continue to bring you new and breathtaking inspiration from Austria. <\/p>\n<p><span style=\"color: #000000;\"><strong>! If you are inspired by our trips for your holidays, please note that you do so on your own and at your own risk! <\/strong><\/span><\/p>\n<p><span style=\"color: #000000;\"><strong>Do you like our website and want to support us? Book your accommodation in Austria via our link:<\/strong><\/span><\/p>\n<blockquote><p><strong><span style=\"color: #008000;\"><a style=\"color: #008000;\" href=\"https:\/\/www.booking.com\/searchresults.en.html?region=1193&amp;aid=347511&amp;no_rooms=1&amp;group_adults=2\" target=\"_blank\" rel=\"noopener\">&gt; Hot Deals in Austria <\/a><\/span><\/strong><\/p><\/blockquote>\n<p><span style=\"color: #000000;\"><strong>Want to follow us on social media for more tips?<\/strong><\/span><\/p>\n<blockquote><p> <strong><span style=\"color: #008000;\"><a style=\"color: #008000;\" href=\"https:\/\/www.instagram.com\/rakouska_jezera\/\" target=\"_blank\" rel=\"noopener\">&gt; Instagram Austrian Lakes<\/a><\/span><\/strong><\/p>\n<p><strong><span style=\"color: #008000;\"><a style=\"color: #008000;\" href=\"https:\/\/www.facebook.com\/dovolenkarka.cz\" target=\"_blank\" rel=\"noopener\">&gt; Facebook Dovolenk\u00e1\u0159ka <\/a><\/span><\/strong> <\/p><\/blockquote>\n<hr>\n<p><span style=\"color: #000000;\"><strong>Collaboration:<\/strong><\/span><\/p>\n<p>We accept collaborations with hotels, local and central tourist offices, and other tourism service providers in Austria.<\/p>\n<p>&gt; Ing. Petra \u0160vehlov\u00e1 Stowasserov\u00e1<\/p>\n<p>&gt; Email: p.stowasserova @ iCloud.com<\/p>\n<p>&nbsp;<\/p>\n","protected":false},"excerpt":{"rendered":"<p>The AUSTRIAN LAKES project was created in 2019 when we realized that we had taken so many trips to Austrian lakes in the last 10 years that these tips deserved their own website, where we would write down advice and inspiration for your own vacation in Austria. During the &#8220;Covid years,&#8221; our website became a popular source of information for trips to nature, and we will do our best to continue to bring you new and breathtaking inspiration from Austria. ! If you are inspired by our trips for your holidays, please note that you do so on your own <\/p>\n","protected":false},"author":1,"featured_media":0,"parent":0,"menu_order":0,"comment_status":"closed","ping_status":"closed","template":"","meta":{"footnotes":""},"class_list":["post-2388","page","type-page","status-publish","hentry"],"_links":{"self":[{"href":"https:\/\/rakouskajezera.cz\/en\/wp-json\/wp\/v2\/pages\/2388","targetHints":{"allow":["GET"]}}],"collection":[{"href":"https:\/\/rakouskajezera.cz\/en\/wp-json\/wp\/v2\/pages"}],"about":[{"href":"https:\/\/rakouskajezera.cz\/en\/wp-json\/wp\/v2\/types\/page"}],"author":[{"embeddable":true,"href":"https:\/\/rakouskajezera.cz\/en\/wp-json\/wp\/v2\/users\/1"}],"replies":[{"embeddable":true,"href":"https:\/\/rakouskajezera.cz\/en\/wp-json\/wp\/v2\/comments?post=2388"}],"version-history":[{"count":0,"href":"https:\/\/rakouskajezera.cz\/en\/wp-json\/wp\/v2\/pages\/2388\/revisions"}],"wp:attachment":[{"href":"https:\/\/rakouskajezera.cz\/en\/wp-json\/wp\/v2\/media?parent=2388"}],"curies":[{"name":"wp","href":"https:\/\/api.w.org\/{rel}","templated":true}]}}